{"id":17,"date":"2025-03-14T13:58:47","date_gmt":"2025-03-14T16:58:47","guid":{"rendered":"https:\/\/barditraducoes.com.br\/?page_id=17"},"modified":"2026-02-16T15:04:01","modified_gmt":"2026-02-16T18:04:01","slug":"front_page","status":"publish","type":"page","link":"https:\/\/barditraducoes.com.br\/","title":{"rendered":"In\u00edcio"},"content":{"rendered":"\n\n\n\n\n\n\n\n\n\n\n\n\n\n\n\n\n\n\n\n\n\n\n\n","protected":false},"excerpt":{"rendered":"","protected":false},"author":1,"featured_media":0,"parent":0,"menu_order":0,"comment_status":"closed","ping_status":"closed","template":"","meta":{"saved_in_kubio":false,"footnotes":""},"class_list":["post-17","page","type-page","status-publish","hentry"],"kubio_ai_page_context":{"short_desc":"","purpose":"general"},"yoast_head":"<!-- This site is optimized with the Yoast SEO plugin v24.9 - https:\/\/yoast.com\/wordpress\/plugins\/seo\/ -->\n<title>Tradu\u00e7\u00f5es Juramentadas e Cidadania - Bardi<\/title>\n<meta name=\"description\" content=\"Tradu\u00e7\u00f5es Juramentadas e simples, Apostilamento de Haia e Assessoria completa para Cidadania Italiana. Atendimento \u00e1gil para empresas e pessoas f\u00edsicas. Solicite seu or\u00e7amento!\" \/>\n<meta name=\"robots\" content=\"index, follow, max-snippet:-1, max-image-preview:large, max-video-preview:-1\" \/>\n<link rel=\"canonical\" href=\"https:\/\/barditraducoes.com.br\/\" \/>\n<meta property=\"og:locale\" content=\"pt_BR\" \/>\n<meta property=\"og:type\" content=\"article\" \/>\n<meta property=\"og:title\" content=\"Tradu\u00e7\u00f5es Juramentadas e Cidadania - Bardi\" \/>\n<meta property=\"og:description\" content=\"Tradu\u00e7\u00f5es Juramentadas e simples, Apostilamento de Haia e Assessoria completa para Cidadania Italiana. Atendimento \u00e1gil para empresas e pessoas f\u00edsicas. Solicite seu or\u00e7amento!\" \/>\n<meta property=\"og:url\" content=\"https:\/\/barditraducoes.com.br\/\" \/>\n<meta property=\"og:site_name\" content=\"Bardi Tradu\u00e7\u00f5es\" \/>\n<meta property=\"article:publisher\" content=\"https:\/\/www.facebook.com\/barditraducoes\" \/>\n<meta property=\"article:modified_time\" content=\"2026-02-16T18:04:01+00:00\" \/>\n<meta name=\"twitter:card\" content=\"summary_large_image\" \/>\n<script type=\"application\/ld+json\" class=\"yoast-schema-graph\">{\"@context\":\"https:\/\/schema.org\",\"@graph\":[{\"@type\":\"WebPage\",\"@id\":\"https:\/\/barditraducoes.com.br\/\",\"url\":\"https:\/\/barditraducoes.com.br\/\",\"name\":\"Tradu\u00e7\u00f5es Juramentadas e Cidadania - Bardi\",\"isPartOf\":{\"@id\":\"https:\/\/barditraducoes.com.br\/#website\"},\"datePublished\":\"2025-03-14T16:58:47+00:00\",\"dateModified\":\"2026-02-16T18:04:01+00:00\",\"description\":\"Tradu\u00e7\u00f5es Juramentadas e simples, Apostilamento de Haia e Assessoria completa para Cidadania Italiana. Atendimento \u00e1gil para empresas e pessoas f\u00edsicas. Solicite seu or\u00e7amento!\",\"breadcrumb\":{\"@id\":\"https:\/\/barditraducoes.com.br\/#breadcrumb\"},\"inLanguage\":\"pt-BR\",\"potentialAction\":[{\"@type\":\"ReadAction\",\"target\":[\"https:\/\/barditraducoes.com.br\/\"]}]},{\"@type\":\"BreadcrumbList\",\"@id\":\"https:\/\/barditraducoes.com.br\/#breadcrumb\",\"itemListElement\":[{\"@type\":\"ListItem\",\"position\":1,\"name\":\"In\u00edcio\",\"item\":\"https:\/\/barditraducoes.com.br\/\"},{\"@type\":\"ListItem\",\"position\":2,\"name\":\"In\u00edcio\"}]},{\"@type\":\"WebSite\",\"@id\":\"https:\/\/barditraducoes.com.br\/#website\",\"url\":\"https:\/\/barditraducoes.com.br\/\",\"name\":\"Bardi Tradu\u00e7\u00f5es\",\"description\":\"\",\"publisher\":{\"@id\":\"https:\/\/barditraducoes.com.br\/#organization\"},\"potentialAction\":[{\"@type\":\"SearchAction\",\"target\":{\"@type\":\"EntryPoint\",\"urlTemplate\":\"https:\/\/barditraducoes.com.br\/?s={search_term_string}\"},\"query-input\":{\"@type\":\"PropertyValueSpecification\",\"valueRequired\":true,\"valueName\":\"search_term_string\"}}],\"inLanguage\":\"pt-BR\"},{\"@type\":\"Organization\",\"@id\":\"https:\/\/barditraducoes.com.br\/#organization\",\"name\":\"Bardi Tradu\u00e7\u00f5es\",\"url\":\"https:\/\/barditraducoes.com.br\/\",\"logo\":{\"@type\":\"ImageObject\",\"inLanguage\":\"pt-BR\",\"@id\":\"https:\/\/barditraducoes.com.br\/#\/schema\/logo\/image\/\",\"url\":\"https:\/\/barditraducoes.com.br\/wp-content\/uploads\/2025\/03\/Marca-dagua-Bard-2.png\",\"contentUrl\":\"https:\/\/barditraducoes.com.br\/wp-content\/uploads\/2025\/03\/Marca-dagua-Bard-2.png\",\"width\":922,\"height\":226,\"caption\":\"Bardi Tradu\u00e7\u00f5es\"},\"image\":{\"@id\":\"https:\/\/barditraducoes.com.br\/#\/schema\/logo\/image\/\"},\"sameAs\":[\"https:\/\/www.facebook.com\/barditraducoes\",\"https:\/\/www.instagram.com\/barditraducoes\/\",\"https:\/\/www.linkedin.com\/company\/bardi-tradues\/?viewAsMember=true\"]}]}<\/script>\n<!-- \/ Yoast SEO plugin. -->","yoast_head_json":{"title":"Tradu\u00e7\u00f5es Juramentadas e Cidadania - Bardi","description":"Tradu\u00e7\u00f5es Juramentadas e simples, Apostilamento de Haia e Assessoria completa para Cidadania Italiana. Atendimento \u00e1gil para empresas e pessoas f\u00edsicas. Solicite seu or\u00e7amento!","robots":{"index":"index","follow":"follow","max-snippet":"max-snippet:-1","max-image-preview":"max-image-preview:large","max-video-preview":"max-video-preview:-1"},"canonical":"https:\/\/barditraducoes.com.br\/","og_locale":"pt_BR","og_type":"article","og_title":"Tradu\u00e7\u00f5es Juramentadas e Cidadania - Bardi","og_description":"Tradu\u00e7\u00f5es Juramentadas e simples, Apostilamento de Haia e Assessoria completa para Cidadania Italiana. Atendimento \u00e1gil para empresas e pessoas f\u00edsicas. Solicite seu or\u00e7amento!","og_url":"https:\/\/barditraducoes.com.br\/","og_site_name":"Bardi Tradu\u00e7\u00f5es","article_publisher":"https:\/\/www.facebook.com\/barditraducoes","article_modified_time":"2026-02-16T18:04:01+00:00","twitter_card":"summary_large_image","schema":{"@context":"https:\/\/schema.org","@graph":[{"@type":"WebPage","@id":"https:\/\/barditraducoes.com.br\/","url":"https:\/\/barditraducoes.com.br\/","name":"Tradu\u00e7\u00f5es Juramentadas e Cidadania - Bardi","isPartOf":{"@id":"https:\/\/barditraducoes.com.br\/#website"},"datePublished":"2025-03-14T16:58:47+00:00","dateModified":"2026-02-16T18:04:01+00:00","description":"Tradu\u00e7\u00f5es Juramentadas e simples, Apostilamento de Haia e Assessoria completa para Cidadania Italiana. Atendimento \u00e1gil para empresas e pessoas f\u00edsicas. Solicite seu or\u00e7amento!","breadcrumb":{"@id":"https:\/\/barditraducoes.com.br\/#breadcrumb"},"inLanguage":"pt-BR","potentialAction":[{"@type":"ReadAction","target":["https:\/\/barditraducoes.com.br\/"]}]},{"@type":"BreadcrumbList","@id":"https:\/\/barditraducoes.com.br\/#breadcrumb","itemListElement":[{"@type":"ListItem","position":1,"name":"In\u00edcio","item":"https:\/\/barditraducoes.com.br\/"},{"@type":"ListItem","position":2,"name":"In\u00edcio"}]},{"@type":"WebSite","@id":"https:\/\/barditraducoes.com.br\/#website","url":"https:\/\/barditraducoes.com.br\/","name":"Bardi Tradu\u00e7\u00f5es","description":"","publisher":{"@id":"https:\/\/barditraducoes.com.br\/#organization"},"potentialAction":[{"@type":"SearchAction","target":{"@type":"EntryPoint","urlTemplate":"https:\/\/barditraducoes.com.br\/?s={search_term_string}"},"query-input":{"@type":"PropertyValueSpecification","valueRequired":true,"valueName":"search_term_string"}}],"inLanguage":"pt-BR"},{"@type":"Organization","@id":"https:\/\/barditraducoes.com.br\/#organization","name":"Bardi Tradu\u00e7\u00f5es","url":"https:\/\/barditraducoes.com.br\/","logo":{"@type":"ImageObject","inLanguage":"pt-BR","@id":"https:\/\/barditraducoes.com.br\/#\/schema\/logo\/image\/","url":"https:\/\/barditraducoes.com.br\/wp-content\/uploads\/2025\/03\/Marca-dagua-Bard-2.png","contentUrl":"https:\/\/barditraducoes.com.br\/wp-content\/uploads\/2025\/03\/Marca-dagua-Bard-2.png","width":922,"height":226,"caption":"Bardi Tradu\u00e7\u00f5es"},"image":{"@id":"https:\/\/barditraducoes.com.br\/#\/schema\/logo\/image\/"},"sameAs":["https:\/\/www.facebook.com\/barditraducoes","https:\/\/www.instagram.com\/barditraducoes\/","https:\/\/www.linkedin.com\/company\/bardi-tradues\/?viewAsMember=true"]}]}},"_links":{"self":[{"href":"https:\/\/barditraducoes.com.br\/index.php?rest_route=\/wp\/v2\/pages\/17","targetHints":{"allow":["GET"]}}],"collection":[{"href":"https:\/\/barditraducoes.com.br\/index.php?rest_route=\/wp\/v2\/pages"}],"about":[{"href":"https:\/\/barditraducoes.com.br\/index.php?rest_route=\/wp\/v2\/types\/page"}],"author":[{"embeddable":true,"href":"https:\/\/barditraducoes.com.br\/index.php?rest_route=\/wp\/v2\/users\/1"}],"replies":[{"embeddable":true,"href":"https:\/\/barditraducoes.com.br\/index.php?rest_route=%2Fwp%2Fv2%2Fcomments&post=17"}],"version-history":[{"count":2,"href":"https:\/\/barditraducoes.com.br\/index.php?rest_route=\/wp\/v2\/pages\/17\/revisions"}],"predecessor-version":[{"id":399,"href":"https:\/\/barditraducoes.com.br\/index.php?rest_route=\/wp\/v2\/pages\/17\/revisions\/399"}],"wp:attachment":[{"href":"https:\/\/barditraducoes.com.br\/index.php?rest_route=%2Fwp%2Fv2%2Fmedia&parent=17"}],"curies":[{"name":"wp","href":"https:\/\/api.w.org\/{rel}","templated":true}]}}